{"id":546,"date":"2021-08-04T07:35:31","date_gmt":"2021-08-04T05:35:31","guid":{"rendered":"http:\/\/webin2.mikro.uni-stuttgart.de\/localserver\/ki\/?page_id=546"},"modified":"2025-05-09T10:18:01","modified_gmt":"2025-05-09T08:18:01","slug":"impressum","status":"publish","type":"page","link":"https:\/\/ki.ims-chips.de\/?page_id=546","title":{"rendered":"Impressum"},"content":{"rendered":"\t\t<div data-elementor-type=\"wp-page\" data-elementor-id=\"546\" class=\"elementor elementor-546\" data-elementor-settings=\"{&quot;ha_cmc_init_switcher&quot;:&quot;no&quot;}\">\n\t\t\t\t\t\t<section class=\"elementor-section elementor-top-section elementor-element elementor-element-3c7e1afe elementor-section-content-middle elementor-section-boxed elementor-section-height-default elementor-section-height-default\" data-id=\"3c7e1afe\" data-element_type=\"section\" data-e-type=\"section\" data-settings=\"{&quot;background_background&quot;:&quot;classic&quot;,&quot;_ha_eqh_enable&quot;:false}\">\n\t\t\t\t\t\t<div class=\"elementor-container elementor-column-gap-wider\">\n\t\t\t\t\t<div class=\"elementor-column elementor-col-50 elementor-top-column elementor-element elementor-element-46633249\" data-id=\"46633249\" data-element_type=\"column\" data-e-type=\"column\">\n\t\t\t<div class=\"elementor-widget-wrap elementor-element-populated\">\n\t\t\t\t\t<div class=\"elementor-background-overlay\"><\/div>\n\t\t\t\t\t\t<div class=\"elementor-element elementor-element-2cf10c91 elementor-widget elementor-widget-heading\" data-id=\"2cf10c91\" data-element_type=\"widget\" data-e-type=\"widget\" data-widget_type=\"heading.default\">\n\t\t\t\t<div class=\"elementor-widget-container\">\n\t\t\t\t\t<h2 class=\"elementor-heading-title elementor-size-default\">Impressum<\/h2>\t\t\t\t<\/div>\n\t\t\t\t<\/div>\n\t\t\t\t<div class=\"elementor-element elementor-element-5a5e7f2d elementor-widget-divider--view-line elementor-widget elementor-widget-divider\" data-id=\"5a5e7f2d\" data-element_type=\"widget\" data-e-type=\"widget\" data-widget_type=\"divider.default\">\n\t\t\t\t<div class=\"elementor-widget-container\">\n\t\t\t\t\t\t\t<div class=\"elementor-divider\">\n\t\t\t<span class=\"elementor-divider-separator\">\n\t\t\t\t\t\t<\/span>\n\t\t<\/div>\n\t\t\t\t\t\t<\/div>\n\t\t\t\t<\/div>\n\t\t\t\t<div class=\"elementor-element elementor-element-70dfa80 elementor-widget elementor-widget-text-editor\" data-id=\"70dfa80\" data-element_type=\"widget\" data-e-type=\"widget\" data-widget_type=\"text-editor.default\">\n\t\t\t\t<div class=\"elementor-widget-container\">\n\t\t\t\t\t\t\t\t\t<p><strong>Verantwortlich f\u00fcr den Inhalt gem\u00e4\u00df \u00a710 Abs. 3 MDStV<br \/><\/strong>Das Institut f\u00fcr Mikroelektronik Stuttgart (IMS CHIPS) ist eine Stiftung des b\u00fcrgerlichen Rechts und wird durch den Institutsleiter Prof. Dr. Niels Quack gesetzlich vertreten.<\/p><p><strong>Zust\u00e4ndige Aufsichtsbeh\u00f6rde<br \/><\/strong>Wirtschaftsministerium Baden-W\u00fcrttemberg<br \/>Theodor-Heuss-Stra\u00dfe 4<br \/>70174 Stuttgart<\/p>\t\t\t\t\t\t\t\t<\/div>\n\t\t\t\t<\/div>\n\t\t\t\t\t<\/div>\n\t\t<\/div>\n\t\t\t\t<div class=\"elementor-column elementor-col-50 elementor-top-column elementor-element elementor-element-22bf2a13\" data-id=\"22bf2a13\" data-element_type=\"column\" data-e-type=\"column\">\n\t\t\t<div class=\"elementor-widget-wrap elementor-element-populated\">\n\t\t\t\t\t\t<section class=\"elementor-section elementor-inner-section elementor-element elementor-element-41c11583 elementor-section-boxed elementor-section-height-default elementor-section-height-default\" data-id=\"41c11583\" data-element_type=\"section\" data-e-type=\"section\" data-settings=\"{&quot;_ha_eqh_enable&quot;:false}\">\n\t\t\t\t\t\t<div class=\"elementor-container elementor-column-gap-default\">\n\t\t\t\t\t<div class=\"elementor-column elementor-col-100 elementor-inner-column elementor-element elementor-element-59dcc13e\" data-id=\"59dcc13e\" data-element_type=\"column\" data-e-type=\"column\">\n\t\t\t<div class=\"elementor-widget-wrap elementor-element-populated\">\n\t\t\t\t\t\t<div class=\"elementor-element elementor-element-0a81129 elementor-widget elementor-widget-image\" data-id=\"0a81129\" data-element_type=\"widget\" data-e-type=\"widget\" data-widget_type=\"image.default\">\n\t\t\t\t<div class=\"elementor-widget-container\">\n\t\t\t\t\t\t\t\t\t\t\t\t\t\t\t<img fetchpriority=\"high\" decoding=\"async\" width=\"1024\" height=\"614\" src=\"https:\/\/ki.ims-chips.de\/wp-content\/uploads\/2021\/08\/Fotolia_99103349_XL_web-1024x614-1.jpg\" class=\"attachment-full size-full wp-image-84\" alt=\"Edge AI - Projekt DoRiE\" srcset=\"https:\/\/ki.ims-chips.de\/wp-content\/uploads\/2021\/08\/Fotolia_99103349_XL_web-1024x614-1.jpg 1024w, https:\/\/ki.ims-chips.de\/wp-content\/uploads\/2021\/08\/Fotolia_99103349_XL_web-1024x614-1-300x180.jpg 300w, https:\/\/ki.ims-chips.de\/wp-content\/uploads\/2021\/08\/Fotolia_99103349_XL_web-1024x614-1-768x461.jpg 768w\" sizes=\"(max-width: 1024px) 100vw, 1024px\" \/>\t\t\t\t\t\t\t\t\t\t\t\t\t\t\t<\/div>\n\t\t\t\t<\/div>\n\t\t\t\t\t<\/div>\n\t\t<\/div>\n\t\t\t\t\t<\/div>\n\t\t<\/section>\n\t\t\t\t\t<\/div>\n\t\t<\/div>\n\t\t\t\t\t<\/div>\n\t\t<\/section>\n\t\t\t\t<section class=\"elementor-section elementor-top-section elementor-element elementor-element-44529cf elementor-section-boxed elementor-section-height-default elementor-section-height-default\" data-id=\"44529cf\" data-element_type=\"section\" data-e-type=\"section\" data-settings=\"{&quot;_ha_eqh_enable&quot;:false}\">\n\t\t\t\t\t\t<div class=\"elementor-container elementor-column-gap-default\">\n\t\t\t\t\t<div class=\"elementor-column elementor-col-50 elementor-top-column elementor-element elementor-element-b80e5bb\" data-id=\"b80e5bb\" data-element_type=\"column\" data-e-type=\"column\">\n\t\t\t<div class=\"elementor-widget-wrap elementor-element-populated\">\n\t\t\t\t\t<div class=\"elementor-background-overlay\"><\/div>\n\t\t\t\t\t\t<div class=\"elementor-element elementor-element-8a130d6 elementor-widget elementor-widget-text-editor\" data-id=\"8a130d6\" data-element_type=\"widget\" data-e-type=\"widget\" data-widget_type=\"text-editor.default\">\n\t\t\t\t<div class=\"elementor-widget-container\">\n\t\t\t\t\t\t\t\t\t<p><strong>Gestaltung, Umsetzung und inhaltliche Betreuung der Homepage<br \/><\/strong>Institut f\u00fcr Mikroelektronik Stuttgart<br \/>IMS CHIPS<br \/>Allmandring 30a<br \/>70569 Stuttgart<\/p><p>Tel.: +49 711 21855-0<br \/>Fax: +49 711 21855-111<\/p><p><a title=\"IMS CHIPS\" href=\"https:\/\/www.ims-chips.de\/\">https:\/\/www.ims-chips.de<\/a><\/p><p>Sollten Verweise auf andere Websites ins Leere f\u00fchren oder keine aktuellen Informationen mehr bieten,<br \/>bitten wir um Mitteilung: <a href=\"mailto:info@ims-chips.de\">E-Mail<\/a><\/p>\t\t\t\t\t\t\t\t<\/div>\n\t\t\t\t<\/div>\n\t\t\t\t\t<\/div>\n\t\t<\/div>\n\t\t\t\t<div class=\"elementor-column elementor-col-50 elementor-top-column elementor-element elementor-element-c548238\" data-id=\"c548238\" data-element_type=\"column\" data-e-type=\"column\">\n\t\t\t<div class=\"elementor-widget-wrap elementor-element-populated\">\n\t\t\t\t\t\t<div class=\"elementor-element elementor-element-2dc7ab5 elementor-widget elementor-widget-text-editor\" data-id=\"2dc7ab5\" data-element_type=\"widget\" data-e-type=\"widget\" data-widget_type=\"text-editor.default\">\n\t\t\t\t<div class=\"elementor-widget-container\">\n\t\t\t\t\t\t\t\t\t<p><strong>Gesetzlicher Hinweis<br \/>\n  <\/strong>Sie werden eventuell um die Angabe pers\u00f6nlicher Informationen gebeten. Die Beantwortung dieser Fragen ist freiwillig.<br \/>\n  S\u00e4mtliche auf dieser Website erhobenen pers\u00f6nlichen Daten werden ausschlie\u00dflich zu Ihrer individuellen Betreuung,<br \/>\n  der \u00dcbersendung von Produktinformationen oder der Unterbreitung von Service-Angeboten gespeichert und\/oder verarbeitet.<br \/>\n  IMS sichert zu, dass Ihre Angaben entsprechend den geltenden datenschutzrechtlichen Bestimmungen vertraulich<br \/>\n  behandelt werden. IMS haftet nicht f\u00fcr Inhalte und Darstellungen anderer Websites, auf die Sie \u00fcber die IMS-Website<br \/>\n  gelangen k\u00f6nnen. Wenn Sie per Hyperlink auf eine Nicht-IMS-Website zugreifen, ist das eine unabh\u00e4ngige Site,<br \/>\n  auf deren Inhalt wir keinen Einfluss haben.<\/p>\n<p><strong>Copyrights<br \/>\n  <\/strong>\u00a9 Copyright 2020 Institut f\u00fcr Mikroelektronik Stuttgart, Deutschland. Alle Rechte vorbehalten.<br \/>\n  Text, Bilder, Grafiken, Sound, Animationen und Videos sowie deren Anordnung auf den IMS-Websites unterliegen dem Schutz des<br \/>\n  Urheberrechts und anderer Schutzgesetze. Der Inhalt dieser Websites darf nicht zu kommerziellen Zwecken kopiert, verbreitet,<br \/>\n  ver\u00e4ndert oder Dritten zug\u00e4nglich gemacht werden. Einige IMS-Websites enthalten au\u00dferdem Bilder, die dem Copyright Dritter unterliegen.<\/p>\n<p><strong>Copyrights Stockbilder \/ Stockvideos<br \/>\n  <\/strong>\u00a9 jamesteohart \u2013 stock.adobe.com<br \/>\n  \u00a9 Alexander \u2013 stock.adobe.com<br \/>\n  \u00a9 Alva Steury \u2013 stock.adobe.com<br \/>\n  \u00a9 Sergey Nivens \u2013 stock.adobe.com<br \/>\n  \u00a9 saksit \u2013 stock.adobe.com<br \/>\n  \u00a9 evannovostro \u2013 stock.adobe.com<br \/>\n  \u00a9 jay \u2013 stock.adobe.com<br \/>\n  \u00a9 bad and expensive \u2013 stock.adobe.com<br \/>\n  \u00a9 elenabsl \u2013 stock.adobe.com<br \/>\n  \u00a9 motionxcom \u2013 stock.adobe.com<br \/>\n  \u00a9 Funtap\u2013 stock.adobe.com<\/p>\n<p>\u00a0<strong>Markenzeichen<br \/>\n  <\/strong>Soweit nicht anders angegeben, sind alle Markenzeichen auf den IMS-Websites markenrechtlich gesch\u00fctzt.<br \/>\n  Dies gilt insbesondere f\u00fcr IMS-Marken, Firmenlogos und Embleme. Andere Firmen-, Produkt- und Warenzeichen<br \/>\n  sind Eigentum des jeweils eingetragenen Inhabers.<\/p>\n<p><strong>Keine Garantie<br \/>\n  <\/strong>Die Websites wurden mit gr\u00f6\u00dftm\u00f6glicher Sorgfalt zusammengestellt. Trotzdem kann IMS f\u00fcr die Fehlerfreiheit und Genauigkeit der darin<br \/>\n  enthaltenen Informationen nicht garantieren.<br \/>\n  IMS schlie\u00dft jegliche Haftung f\u00fcr Sch\u00e4den, die direkt oder indirekt aus der Benutzung der Websites entstehen, aus.<\/p>\n\t\t\t\t\t\t\t\t<\/div>\n\t\t\t\t<\/div>\n\t\t\t\t\t<\/div>\n\t\t<\/div>\n\t\t\t\t\t<\/div>\n\t\t<\/section>\n\t\t\t\t<\/div>\n\t\t","protected":false},"excerpt":{"rendered":"<p>Impressum Verantwortlich f\u00fcr den Inhalt gem\u00e4\u00df \u00a710 Abs. 3 MDStVDas Institut f\u00fcr Mikroelektronik Stuttgart (IMS CHIPS) ist eine Stiftung des b\u00fcrgerlichen Rechts und wird durch den Institutsleiter Prof. Dr. Niels Quack gesetzlich vertreten. Zust\u00e4ndige Aufsichtsbeh\u00f6rdeWirtschaftsministerium Baden-W\u00fcrttembergTheodor-Heuss-Stra\u00dfe 470174 Stuttgart Gestaltung, Umsetzung und inhaltliche Betreuung der HomepageInstitut f\u00fcr Mikroelektronik StuttgartIMS CHIPSAllmandring 30a70569 Stuttgart Tel.: +49 711 21855-0Fax:&hellip;&nbsp;<a href=\"https:\/\/ki.ims-chips.de\/?page_id=546\" rel=\"bookmark\">Weiterlesen &raquo;<span class=\"screen-reader-text\">Impressum<\/span><\/a><\/p>\n","protected":false},"author":1,"featured_media":0,"parent":0,"menu_order":0,"comment_status":"closed","ping_status":"closed","template":"page-templates\/template-pagebuilder-full-width.php","meta":{"neve_meta_sidebar":"full-width","neve_meta_container":"","neve_meta_enable_content_width":"on","neve_meta_content_width":100,"neve_meta_title_alignment":"","neve_meta_author_avatar":"","neve_post_elements_order":"","neve_meta_disable_header":"","neve_meta_disable_footer":"","neve_meta_disable_title":"","footnotes":""},"class_list":["post-546","page","type-page","status-publish","hentry"],"_links":{"self":[{"href":"https:\/\/ki.ims-chips.de\/index.php?rest_route=\/wp\/v2\/pages\/546","targetHints":{"allow":["GET"]}}],"collection":[{"href":"https:\/\/ki.ims-chips.de\/index.php?rest_route=\/wp\/v2\/pages"}],"about":[{"href":"https:\/\/ki.ims-chips.de\/index.php?rest_route=\/wp\/v2\/types\/page"}],"author":[{"embeddable":true,"href":"https:\/\/ki.ims-chips.de\/index.php?rest_route=\/wp\/v2\/users\/1"}],"replies":[{"embeddable":true,"href":"https:\/\/ki.ims-chips.de\/index.php?rest_route=%2Fwp%2Fv2%2Fcomments&post=546"}],"version-history":[{"count":12,"href":"https:\/\/ki.ims-chips.de\/index.php?rest_route=\/wp\/v2\/pages\/546\/revisions"}],"predecessor-version":[{"id":1928,"href":"https:\/\/ki.ims-chips.de\/index.php?rest_route=\/wp\/v2\/pages\/546\/revisions\/1928"}],"wp:attachment":[{"href":"https:\/\/ki.ims-chips.de\/index.php?rest_route=%2Fwp%2Fv2%2Fmedia&parent=546"}],"curies":[{"name":"wp","href":"https:\/\/api.w.org\/{rel}","templated":true}]}}