{"id":770,"date":"2021-08-05T10:44:54","date_gmt":"2021-08-05T08:44:54","guid":{"rendered":"http:\/\/webin2.mikro.uni-stuttgart.de\/localserver\/ki\/?page_id=770"},"modified":"2024-06-20T14:09:39","modified_gmt":"2024-06-20T12:09:39","slug":"dorie2","status":"publish","type":"page","link":"https:\/\/ki.ims-chips.de\/?page_id=770","title":{"rendered":"DoRie2"},"content":{"rendered":"\t\t<div data-elementor-type=\"wp-page\" data-elementor-id=\"770\" class=\"elementor elementor-770\" data-elementor-settings=\"{&quot;ha_cmc_init_switcher&quot;:&quot;no&quot;}\">\n\t\t\t\t\t\t<section class=\"elementor-section elementor-top-section elementor-element elementor-element-49e6d26b elementor-section-height-min-height elementor-section-boxed elementor-section-height-default elementor-section-items-middle\" data-id=\"49e6d26b\" data-element_type=\"section\" data-e-type=\"section\" data-settings=\"{&quot;background_background&quot;:&quot;video&quot;,&quot;background_video_start&quot;:10,&quot;background_video_end&quot;:70,&quot;background_play_on_mobile&quot;:&quot;yes&quot;,&quot;_ha_eqh_enable&quot;:false}\">\n\t\t\t\t\t\t\t<div class=\"elementor-background-overlay\"><\/div>\n\t\t\t\t\t\t\t<div class=\"elementor-container elementor-column-gap-default\">\n\t\t\t\t\t<div class=\"elementor-column elementor-col-50 elementor-top-column elementor-element elementor-element-61b7743a\" data-id=\"61b7743a\" data-element_type=\"column\" data-e-type=\"column\">\n\t\t\t<div class=\"elementor-widget-wrap elementor-element-populated\">\n\t\t\t\t\t\t<div class=\"elementor-element elementor-element-759b4f0e elementor-widget elementor-widget-heading\" data-id=\"759b4f0e\" data-element_type=\"widget\" data-e-type=\"widget\" data-widget_type=\"heading.default\">\n\t\t\t\t<div class=\"elementor-widget-container\">\n\t\t\t\t\t<h2 class=\"elementor-heading-title elementor-size-default\">DoRiE<\/h2>\t\t\t\t<\/div>\n\t\t\t\t<\/div>\n\t\t\t\t<div class=\"elementor-element elementor-element-dafbbe2 elementor-widget elementor-widget-text-editor\" data-id=\"dafbbe2\" data-element_type=\"widget\" data-e-type=\"widget\" data-widget_type=\"text-editor.default\">\n\t\t\t\t<div class=\"elementor-widget-container\">\n\t\t\t\t\t\t\t\t\tDatenorientierte Realisierung<br>\nim industriellen Einsatz\t\t\t\t\t\t\t\t<\/div>\n\t\t\t\t<\/div>\n\t\t\t\t<div class=\"elementor-element elementor-element-1a51e9d elementor-widget-divider--view-line elementor-widget elementor-widget-divider\" data-id=\"1a51e9d\" data-element_type=\"widget\" data-e-type=\"widget\" data-widget_type=\"divider.default\">\n\t\t\t\t<div class=\"elementor-widget-container\">\n\t\t\t\t\t\t\t<div class=\"elementor-divider\">\n\t\t\t<span class=\"elementor-divider-separator\">\n\t\t\t\t\t\t<\/span>\n\t\t<\/div>\n\t\t\t\t\t\t<\/div>\n\t\t\t\t<\/div>\n\t\t\t\t\t<\/div>\n\t\t<\/div>\n\t\t\t\t<div class=\"elementor-column elementor-col-50 elementor-top-column elementor-element elementor-element-638694d\" data-id=\"638694d\" data-element_type=\"column\" data-e-type=\"column\" data-settings=\"{&quot;background_background&quot;:&quot;classic&quot;}\">\n\t\t\t<div class=\"elementor-widget-wrap elementor-element-populated\">\n\t\t\t\t\t\t<div class=\"elementor-element elementor-element-dd5e327 elementor-widget elementor-widget-image\" data-id=\"dd5e327\" data-element_type=\"widget\" data-e-type=\"widget\" data-widget_type=\"image.default\">\n\t\t\t\t<div class=\"elementor-widget-container\">\n\t\t\t\t\t\t\t\t\t\t\t\t\t\t\t<img fetchpriority=\"high\" decoding=\"async\" width=\"2560\" height=\"1280\" src=\"https:\/\/ki.ims-chips.de\/wp-content\/uploads\/2021\/08\/AdobeStock_267633836_.jpg\" class=\"attachment-full size-full wp-image-1077\" alt=\"Edge Computing \u2013 Innovative Datenverarbeitung direkt vor Ort f\u00fcr schnellere Reaktionszeiten und effiziente L\u00f6sungen in der digitalen Welt.\" srcset=\"https:\/\/ki.ims-chips.de\/wp-content\/uploads\/2021\/08\/AdobeStock_267633836_.jpg 2560w, https:\/\/ki.ims-chips.de\/wp-content\/uploads\/2021\/08\/AdobeStock_267633836_-300x150.jpg 300w, https:\/\/ki.ims-chips.de\/wp-content\/uploads\/2021\/08\/AdobeStock_267633836_-1024x512.jpg 1024w, https:\/\/ki.ims-chips.de\/wp-content\/uploads\/2021\/08\/AdobeStock_267633836_-768x384.jpg 768w, https:\/\/ki.ims-chips.de\/wp-content\/uploads\/2021\/08\/AdobeStock_267633836_-1536x768.jpg 1536w, https:\/\/ki.ims-chips.de\/wp-content\/uploads\/2021\/08\/AdobeStock_267633836_-2048x1024.jpg 2048w\" sizes=\"(max-width: 2560px) 100vw, 2560px\" \/>\t\t\t\t\t\t\t\t\t\t\t\t\t\t\t<\/div>\n\t\t\t\t<\/div>\n\t\t\t\t\t<\/div>\n\t\t<\/div>\n\t\t\t\t\t<\/div>\n\t\t<\/section>\n\t\t\t\t<section class=\"elementor-section elementor-top-section elementor-element elementor-element-e700a04 elementor-section-boxed elementor-section-height-default elementor-section-height-default\" data-id=\"e700a04\" data-element_type=\"section\" data-e-type=\"section\" data-settings=\"{&quot;_ha_eqh_enable&quot;:false}\">\n\t\t\t\t\t\t<div class=\"elementor-container elementor-column-gap-default\">\n\t\t\t\t\t<div class=\"elementor-column elementor-col-100 elementor-top-column elementor-element elementor-element-ba6e8a6\" data-id=\"ba6e8a6\" data-element_type=\"column\" data-e-type=\"column\">\n\t\t\t<div class=\"elementor-widget-wrap elementor-element-populated\">\n\t\t\t\t\t\t<div class=\"elementor-element elementor-element-76fecaf elementor-icon-list--layout-inline elementor-align-center elementor-list-item-link-full_width elementor-widget elementor-widget-icon-list\" data-id=\"76fecaf\" data-element_type=\"widget\" data-e-type=\"widget\" data-widget_type=\"icon-list.default\">\n\t\t\t\t<div class=\"elementor-widget-container\">\n\t\t\t\t\t\t\t<ul class=\"elementor-icon-list-items elementor-inline-items\">\n\t\t\t\t\t\t\t<li class=\"elementor-icon-list-item elementor-inline-item\">\n\t\t\t\t\t\t\t\t\t\t\t<a href=\"https:\/\/ki.ims-chips.de\/?page_id=285\">\n\n\t\t\t\t\t\t\t\t\t\t\t\t<span class=\"elementor-icon-list-icon\">\n\t\t\t\t\t\t\t<svg aria-hidden=\"true\" class=\"e-font-icon-svg e-fas-arrow-circle-left\" viewBox=\"0 0 512 512\" xmlns=\"http:\/\/www.w3.org\/2000\/svg\"><path d=\"M256 504C119 504 8 393 8 256S119 8 256 8s248 111 248 248-111 248-248 248zm28.9-143.6L209.4 288H392c13.3 0 24-10.7 24-24v-16c0-13.3-10.7-24-24-24H209.4l75.5-72.4c9.7-9.3 9.9-24.8.4-34.3l-11-10.9c-9.4-9.4-24.6-9.4-33.9 0L107.7 239c-9.4 9.4-9.4 24.6 0 33.9l132.7 132.7c9.4 9.4 24.6 9.4 33.9 0l11-10.9c9.5-9.5 9.3-25-.4-34.3z\"><\/path><\/svg>\t\t\t\t\t\t<\/span>\n\t\t\t\t\t\t\t\t\t\t<span class=\"elementor-icon-list-text\">Seite 1<\/span>\n\t\t\t\t\t\t\t\t\t\t\t<\/a>\n\t\t\t\t\t\t\t\t\t<\/li>\n\t\t\t\t\t\t\t\t<li class=\"elementor-icon-list-item elementor-inline-item\">\n\t\t\t\t\t\t\t\t\t\t\t<a href=\"#\">\n\n\t\t\t\t\t\t\t\t\t\t\t\t<span class=\"elementor-icon-list-icon\">\n\t\t\t\t\t\t\t<svg aria-hidden=\"true\" class=\"e-font-icon-svg e-fas-arrow-circle-down\" viewBox=\"0 0 512 512\" xmlns=\"http:\/\/www.w3.org\/2000\/svg\"><path d=\"M504 256c0 137-111 248-248 248S8 393 8 256 119 8 256 8s248 111 248 248zm-143.6-28.9L288 302.6V120c0-13.3-10.7-24-24-24h-16c-13.3 0-24 10.7-24 24v182.6l-72.4-75.5c-9.3-9.7-24.8-9.9-34.3-.4l-10.9 11c-9.4 9.4-9.4 24.6 0 33.9L239 404.3c9.4 9.4 24.6 9.4 33.9 0l132.7-132.7c9.4-9.4 9.4-24.6 0-33.9l-10.9-11c-9.5-9.5-25-9.3-34.3.4z\"><\/path><\/svg>\t\t\t\t\t\t<\/span>\n\t\t\t\t\t\t\t\t\t\t<span class=\"elementor-icon-list-text\">Seite 2<\/span>\n\t\t\t\t\t\t\t\t\t\t\t<\/a>\n\t\t\t\t\t\t\t\t\t<\/li>\n\t\t\t\t\t\t\t\t<li class=\"elementor-icon-list-item elementor-inline-item\">\n\t\t\t\t\t\t\t\t\t\t\t<a href=\"https:\/\/ki.ims-chips.de\/?page_id=879\">\n\n\t\t\t\t\t\t\t\t\t\t\t\t<span class=\"elementor-icon-list-icon\">\n\t\t\t\t\t\t\t<svg aria-hidden=\"true\" class=\"e-font-icon-svg e-fas-arrow-circle-right\" viewBox=\"0 0 512 512\" xmlns=\"http:\/\/www.w3.org\/2000\/svg\"><path d=\"M256 8c137 0 248 111 248 248S393 504 256 504 8 393 8 256 119 8 256 8zm-28.9 143.6l75.5 72.4H120c-13.3 0-24 10.7-24 24v16c0 13.3 10.7 24 24 24h182.6l-75.5 72.4c-9.7 9.3-9.9 24.8-.4 34.3l11 10.9c9.4 9.4 24.6 9.4 33.9 0L404.3 273c9.4-9.4 9.4-24.6 0-33.9L271.6 106.3c-9.4-9.4-24.6-9.4-33.9 0l-11 10.9c-9.5 9.6-9.3 25.1.4 34.4z\"><\/path><\/svg>\t\t\t\t\t\t<\/span>\n\t\t\t\t\t\t\t\t\t\t<span class=\"elementor-icon-list-text\">Partner<\/span>\n\t\t\t\t\t\t\t\t\t\t\t<\/a>\n\t\t\t\t\t\t\t\t\t<\/li>\n\t\t\t\t\t\t<\/ul>\n\t\t\t\t\t\t<\/div>\n\t\t\t\t<\/div>\n\t\t\t\t\t<\/div>\n\t\t<\/div>\n\t\t\t\t\t<\/div>\n\t\t<\/section>\n\t\t\t\t<section class=\"elementor-section elementor-top-section elementor-element elementor-element-aa38477 elementor-section-boxed elementor-section-height-default elementor-section-height-default\" data-id=\"aa38477\" data-element_type=\"section\" data-e-type=\"section\" data-settings=\"{&quot;_ha_eqh_enable&quot;:false}\">\n\t\t\t\t\t\t<div class=\"elementor-container elementor-column-gap-default\">\n\t\t\t\t\t<div class=\"elementor-column elementor-col-100 elementor-top-column elementor-element elementor-element-dc82c87\" data-id=\"dc82c87\" data-element_type=\"column\" data-e-type=\"column\">\n\t\t\t<div class=\"elementor-widget-wrap elementor-element-populated\">\n\t\t\t\t\t\t<div class=\"elementor-element elementor-element-eabd38c elementor-widget elementor-widget-heading\" data-id=\"eabd38c\" data-element_type=\"widget\" data-e-type=\"widget\" data-widget_type=\"heading.default\">\n\t\t\t\t<div class=\"elementor-widget-container\">\n\t\t\t\t\t<h2 class=\"elementor-heading-title elementor-size-default\">DoRiE-Systemkonzept f\u00fcr Edge AI\n<\/h2>\t\t\t\t<\/div>\n\t\t\t\t<\/div>\n\t\t\t\t<div class=\"elementor-element elementor-element-43513f0 elementor-widget elementor-widget-text-editor\" data-id=\"43513f0\" data-element_type=\"widget\" data-e-type=\"widget\" data-widget_type=\"text-editor.default\">\n\t\t\t\t<div class=\"elementor-widget-container\">\n\t\t\t\t\t\t\t\t\t<p>Das dem Vorhaben DoRiE zugrundeliegende Konzept zielt darauf ab, Edge AI-Anwendungen f\u00fcr intelligente technische Systeme umzusetzen. Das verfolgte Paradigma des Edge Processing strebt an, Daten nah bei ihrer Entstehung zu verarbeiten, um Aufw\u00e4nde und Latenzen durch Kommunikation zu vermeiden und schnell auf die in den Daten enthaltenen Informationen reagieren zu k\u00f6nnen. Dabei soll auch die Umsetzung der Datenverarbeitung m\u00f6glichst effizient und unter Einsatz von Spezialhardware in Form eines Beschleunigers erfolgen, um beispielsweise sehr energiesparsam oder sehr schnell sein zu k\u00f6nnen.<br \/>Damit in diesem Spannungsfeld individuelle, optimale L\u00f6sungen gefunden werden k\u00f6nnen, wird in DoRiE eine Baukastenl\u00f6sung aufgebaut. Passende L\u00f6sungsbausteine, bestehend aus Hard- und Software, k\u00f6nnen daraus entnommen und mit den passenden Werkzeugen zusammengef\u00fcgt und ausgelegt werden. Damit ist die Flexibilit\u00e4t bei der Umsetzung in die verschiedenen Anwendungen gew\u00e4hrleistet, welche eine vollst\u00e4ndige aber unflexible ASIC-Umsetzung nie erreichen kann.<\/p><p>Ein- (bspw. Temperatur) oder mehrdimensionale (bspw. Video) Sensordaten k\u00f6nnen genutzt werden, um etwa eine vorausschauende Wartung, Gestenerkennung oder Objekterkennung zu integrieren. Im Rahmen eines Transferdemonstrators stellt die Komponentenentwicklung f\u00fcr eine Gestenerkennung, intelligente Sensorik und einem haptischen Greifer mit adaptiver Trajektorienf\u00fchrung den Kern der wissenschaftlich-\/technischen Arbeit von DoRiE dar.<\/p><p>Die Thematik und das Potenzial von Edge AI sind vielen Unternehmen noch nicht hinreichend bekannt. Zudem gibt es insbesondere bei kleinen und mittleren Unternehmen Hemmschwellen eigene Versuche mit Edge AI durchzuf\u00fchren, da es noch zu wenige Anwendungsbeispiele zu geben scheint und unternehmensintern bislang keine Erfahrungen mit KI-Systemen vorliegen. Aus diesem Grund wird DoRiE durch QuickChecks und Exploring Projects begleitet. Unternehmen k\u00f6nnen ihre Anwendungsideen im Rahmen von kostenfreien QuickChecks und Exploring Projects \u00fcberpr\u00fcfen und exemplarisch durchspielen lassen.<\/p>\t\t\t\t\t\t\t\t<\/div>\n\t\t\t\t<\/div>\n\t\t\t\t\t<\/div>\n\t\t<\/div>\n\t\t\t\t\t<\/div>\n\t\t<\/section>\n\t\t\t\t<section class=\"elementor-section elementor-top-section elementor-element elementor-element-314d55b elementor-section-boxed elementor-section-height-default elementor-section-height-default\" data-id=\"314d55b\" data-element_type=\"section\" data-e-type=\"section\" data-settings=\"{&quot;_ha_eqh_enable&quot;:false}\">\n\t\t\t\t\t\t<div class=\"elementor-container elementor-column-gap-default\">\n\t\t\t\t\t<div class=\"elementor-column elementor-col-100 elementor-top-column elementor-element elementor-element-e882b41\" data-id=\"e882b41\" data-element_type=\"column\" data-e-type=\"column\">\n\t\t\t<div class=\"elementor-widget-wrap elementor-element-populated\">\n\t\t\t\t\t\t<div class=\"elementor-element elementor-element-55cbed1 elementor-widget elementor-widget-spacer\" data-id=\"55cbed1\" data-element_type=\"widget\" data-e-type=\"widget\" data-widget_type=\"spacer.default\">\n\t\t\t\t<div class=\"elementor-widget-container\">\n\t\t\t\t\t\t\t<div class=\"elementor-spacer\">\n\t\t\t<div class=\"elementor-spacer-inner\"><\/div>\n\t\t<\/div>\n\t\t\t\t\t\t<\/div>\n\t\t\t\t<\/div>\n\t\t\t\t\t<\/div>\n\t\t<\/div>\n\t\t\t\t\t<\/div>\n\t\t<\/section>\n\t\t\t\t<\/div>\n\t\t","protected":false},"excerpt":{"rendered":"<p>DoRiE Datenorientierte Realisierung im industriellen Einsatz Seite 1 Seite 2 Partner DoRiE-Systemkonzept f\u00fcr Edge AI Das dem Vorhaben DoRiE zugrundeliegende Konzept zielt darauf ab, Edge AI-Anwendungen f\u00fcr intelligente technische Systeme umzusetzen. Das verfolgte Paradigma des Edge Processing strebt an, Daten nah bei ihrer Entstehung zu verarbeiten, um Aufw\u00e4nde und Latenzen durch Kommunikation zu vermeiden und&hellip;&nbsp;<a href=\"https:\/\/ki.ims-chips.de\/?page_id=770\" rel=\"bookmark\">Weiterlesen &raquo;<span class=\"screen-reader-text\">DoRie2<\/span><\/a><\/p>\n","protected":false},"author":1,"featured_media":0,"parent":0,"menu_order":0,"comment_status":"closed","ping_status":"closed","template":"page-templates\/template-pagebuilder-full-width.php","meta":{"neve_meta_sidebar":"full-width","neve_meta_container":"","neve_meta_enable_content_width":"on","neve_meta_content_width":100,"neve_meta_title_alignment":"","neve_meta_author_avatar":"","neve_post_elements_order":"","neve_meta_disable_header":"","neve_meta_disable_footer":"","neve_meta_disable_title":"","footnotes":""},"class_list":["post-770","page","type-page","status-publish","hentry"],"_links":{"self":[{"href":"https:\/\/ki.ims-chips.de\/index.php?rest_route=\/wp\/v2\/pages\/770","targetHints":{"allow":["GET"]}}],"collection":[{"href":"https:\/\/ki.ims-chips.de\/index.php?rest_route=\/wp\/v2\/pages"}],"about":[{"href":"https:\/\/ki.ims-chips.de\/index.php?rest_route=\/wp\/v2\/types\/page"}],"author":[{"embeddable":true,"href":"https:\/\/ki.ims-chips.de\/index.php?rest_route=\/wp\/v2\/users\/1"}],"replies":[{"embeddable":true,"href":"https:\/\/ki.ims-chips.de\/index.php?rest_route=%2Fwp%2Fv2%2Fcomments&post=770"}],"version-history":[{"count":12,"href":"https:\/\/ki.ims-chips.de\/index.php?rest_route=\/wp\/v2\/pages\/770\/revisions"}],"predecessor-version":[{"id":1877,"href":"https:\/\/ki.ims-chips.de\/index.php?rest_route=\/wp\/v2\/pages\/770\/revisions\/1877"}],"wp:attachment":[{"href":"https:\/\/ki.ims-chips.de\/index.php?rest_route=%2Fwp%2Fv2%2Fmedia&parent=770"}],"curies":[{"name":"wp","href":"https:\/\/api.w.org\/{rel}","templated":true}]}}